{"id":1059,"date":"2017-11-16T18:47:43","date_gmt":"2017-11-16T17:47:43","guid":{"rendered":"http:\/\/localhost\/vseip\/?page_id=1059"},"modified":"2022-06-24T11:50:55","modified_gmt":"2022-06-24T10:50:55","slug":"upis-2","status":"publish","type":"page","link":"https:\/\/vseip.com\/?page_id=1059","title":{"rendered":"UPIS"},"content":{"rendered":"<p style=\"text-align: justify;\">Visoka \u0161kola za ekonomiju i informatiku Prijedor je licencirana privatna visoko\u0161kolska ustanova u sistemu visokog obrazovanja Bosne i Hercegovine koja nudi visoku stru\u010dnu spremu putem trogodi\u0161njeg i \u010detvorogodi\u0161njeg studija u oblasti informatike i menad\u017ementa sa sljede\u0107im zvanjima:<\/p>\n<ul class=\"uk-list uk-list-line\">\n<li>DIPLOMIRANI EKONOMISTA<br \/>\n<span class=\"uk-text-success\">(nakon zavr\u0161ene \u010detiri godine studija na studijskoj grupi Ekonomija i menad\u017ement \u2013 240 ECTS),<\/span><\/li>\n<li>DIPLOMIRANI MENAD\u017dER<br \/>\n<span class=\"uk-text-success\">(nakon zavr\u0161ene tri godine studija na studijskoj grupi Ekonomija i menad\u017ement \u2013 180 ECTS),<\/span><\/li>\n<li>DIPLOMIRANI INFORMATI\u010cAR<br \/>\n<span class=\"uk-text-success\">(nakon zavr\u0161ene tri godine studija na studijskoj grupi Informatika \u2013 180 ECTS).<\/span><\/li>\n<li>DIPLOMIRANI IN\u017dENJER INFORMATIKE I RA\u010cUNARSTVA<br \/>\n<span class=\"uk-text-success\">(nakon zavr\u0161ene \u010detiri godine studija na studijskoj grupi Informatika \u2013 240 ECTS).<\/span><\/li>\n<\/ul>\n<h4>UPISNA DOKUMENTACIJA<\/h4>\n<ul>\n<li>Diploma o zavr\u0161enoj \u010detverogodi\u0161njoj srednjoj \u0161koli<\/li>\n<li>Original svjedo\u010danstva : I, II, III, IV<\/li>\n<li>Rodni list<\/li>\n<\/ul>\n<h4>NAKON PRIJEMNOG ISPITA<\/h4>\n<ul>\n<li>2 fotografije<\/li>\n<li>Ljekarsko uvjerenje<\/li>\n<li>Dokaz o uplati prve rate ( godi\u0161nja \u0161kolarina iznosi 1950KM;)<\/li>\n<li>Prva rata 190 KM<\/li>\n<li>Ostalih 11 rata 160 KM<\/li>\n<\/ul>\n<p><strong>PITANA ZA PRIJEMNI ISPIT<\/strong><\/p>\n<p><a href=\"http:\/\/vseip.com\/wp-content\/uploads\/2017\/11\/ISPITNA-PITANJA.doc\">ISPITNA PITANJA<\/a><\/p>\n<p><a href=\"https:\/\/vseip.com\/wp-content\/uploads\/2022\/06\/Prrijemni-RA\u010cUNARSTVO-I-INFORMATIKA.doc\">ISPITNA PITANJA 2<\/a><\/p>\n","protected":false},"excerpt":{"rendered":"<p>Visoka \u0161kola za ekonomiju i informatiku Prijedor je licencirana privatna visoko\u0161kolska ustanova u sistemu visokog obrazovanja Bosne i Hercegovine koja nudi visoku stru\u010dnu spremu putem trogodi\u0161njeg i \u010detvorogodi\u0161njeg studija u oblasti informatike i menad\u017ementa sa sljede\u0107im zvanjima: DIPLOMIRANI EKONOMISTA (nakon zavr\u0161ene \u010detiri godine studija na studijskoj grupi Ekonomija i menad\u017ement \u2013 240 ECTS), DIPLOMIRANI MENAD\u017dER [&hellip;]<\/p>\n","protected":false},"author":1,"featured_media":0,"parent":0,"menu_order":4,"comment_status":"closed","ping_status":"closed","template":"","meta":{"footnotes":""},"class_list":["post-1059","page","type-page","status-publish","hentry"],"_links":{"self":[{"href":"https:\/\/vseip.com\/index.php?rest_route=\/wp\/v2\/pages\/1059","targetHints":{"allow":["GET"]}}],"collection":[{"href":"https:\/\/vseip.com\/index.php?rest_route=\/wp\/v2\/pages"}],"about":[{"href":"https:\/\/vseip.com\/index.php?rest_route=\/wp\/v2\/types\/page"}],"author":[{"embeddable":true,"href":"https:\/\/vseip.com\/index.php?rest_route=\/wp\/v2\/users\/1"}],"replies":[{"embeddable":true,"href":"https:\/\/vseip.com\/index.php?rest_route=%2Fwp%2Fv2%2Fcomments&post=1059"}],"version-history":[{"count":1,"href":"https:\/\/vseip.com\/index.php?rest_route=\/wp\/v2\/pages\/1059\/revisions"}],"predecessor-version":[{"id":4172,"href":"https:\/\/vseip.com\/index.php?rest_route=\/wp\/v2\/pages\/1059\/revisions\/4172"}],"wp:attachment":[{"href":"https:\/\/vseip.com\/index.php?rest_route=%2Fwp%2Fv2%2Fmedia&parent=1059"}],"curies":[{"name":"wp","href":"https:\/\/api.w.org\/{rel}","templated":true}]}}